{"id":1467,"date":"2023-04-24T12:00:18","date_gmt":"2023-04-24T10:00:18","guid":{"rendered":"https:\/\/mediawen.com\/politica-de-privacidad\/"},"modified":"2024-11-19T14:49:33","modified_gmt":"2024-11-19T13:49:33","slug":"politica-de-privacidad","status":"publish","type":"page","link":"https:\/\/mediawen.com\/es\/politica-de-privacidad\/","title":{"rendered":"Pol\u00edtica de privacidad"},"content":{"rendered":"<div id=\"pl-1467\"  class=\"panel-layout\" ><div id=\"pg-1467-0\"  class=\"panel-grid panel-no-style\" ><div id=\"pgc-1467-0-0\"  class=\"panel-grid-cell\" ><div id=\"panel-1467-0-0-0\" class=\"so-panel widget widget_sow-editor panel-first-child panel-last-child\" data-index=\"0\" ><div class=\"padding panel-widget-style panel-widget-style-for-1467-0-0-0\" ><div\n\t\t\t\n\t\t\tclass=\"so-widget-sow-editor so-widget-sow-editor-base\"\n\t\t\t\n\t\t>\n<div class=\"siteorigin-widget-tinymce textwidget\">\n\t<h1>LA PRIVACIDAD DE TUS DATOS NOS IMPORTA<\/h1>\n<p>En Mediawen, priorizamos y tomamos las medidas necesarias para garantizar una plataforma segura para nuestros clientes. En el contexto de nuestras operaciones comerciales, recopilamos informaci\u00f3n del usuario si este:<\/p>\n<ul>\n<li>Crea una cuenta en nuestra plataforma<\/li>\n<li>Se suscribe a nuestro bolet\u00edn de noticias<\/li>\n<li>Utiliza nuestro formulario de contacto<\/li>\n<\/ul>\n<h3>\nINFORMACI\u00d3N RECOGIDA<\/h3>\n<p>La transparencia es crucial para nosotros y queremos destacar que nuestro sitio web no recopila ning\u00fan dato del usuario mientras navega por este. Solo conocemos cu\u00e1les son las p\u00e1ginas visitadas y la hora de la visita. Sin embargo, el anonimato de los visitantes es nuestra prioridad. Para suscribirse a nuestros boletines, necesitamos que el usuario nos proporcione:<\/p>\n<ul>\n<li>Direcci\u00f3n de correo electr\u00f3nico<\/li>\n<li>Nombre e informaci\u00f3n de contacto. El usuario puede darse de baja en cualquier momento si lo desea.<\/li>\n<\/ul>\n<h3>\nCOOKIES<\/h3>\n<p>Tu anonimato se mantiene si no te registras en nuestra plataforma o solicitas recibir nuestro bolet\u00edn, lo cual nos permite reiterarnos en nuestra pol\u00edtica de no rastreo y no recogida de cookies. Mediawen no solicita ni almacena cookies. Sin embargo, en nuestras plataformas de trabajo como MW-HUB, al conectarte, podemos identificarte mediante una cookie encriptada. Si borras esta cookie, tendr\u00e1s que volver a iniciar sesi\u00f3n para acceder a nuestros servicios.<\/p>\n<h4>\nCONFIDENCIALIDAD<\/h4>\n<p>Mediawen International no vender\u00e1 ni divulgar\u00e1 la informaci\u00f3n identificable de los visitantes a terceros sin autorizaci\u00f3n y limitar\u00e1 la divulgaci\u00f3n de informaci\u00f3n a los siguientes casos:<\/p>\n<ul>\n<li>En respuesta a una citaci\u00f3n u otro proceso legal de buena fe.<\/li>\n<li>Para mantener, actualizar o aplicar las medidas de seguridad necesarias para la protecci\u00f3n de datos de Mediawen International, y sus equipos y operaciones t\u00e9cnicas.<\/li>\n<li>Para identificar, contactar o emprender acciones legales contra entidades que amenacen los derechos de Mediawen International. Nos esforzamos por proteger la privacidad de los visitantes y nunca permitiremos conscientemente el acceso de terceros a esta informaci\u00f3n. Con una tecnolog\u00eda avanzada e importantes inversiones en nuestro servidor, base de datos, copias de seguridad y tecnolog\u00edas de cortafuegos, nuestro objetivo es mantener tu informaci\u00f3n segura.<\/li>\n<\/ul>\n<p>&nbsp;<\/p>\n<h4>OPCI\u00d3N DE EXCLUSI\u00d3N OPCIONAL<\/h4>\n<p>Mediawen International ofrece la opci\u00f3n de darse de baja de todas las transmisiones de correo electr\u00f3nico y har\u00e1 un seguimiento de la eliminaci\u00f3n de la informaci\u00f3n solicitada de nuestra base de datos, que puede incluir nombre, cargo, empresa, direcci\u00f3n, n\u00famero de tel\u00e9fono, n\u00famero de fax, direcci\u00f3n de correo electr\u00f3nico u otra informaci\u00f3n del usuario.<\/p>\n<h5>\nREVISAR, MODIFICAR Y CANCELAR LA INFORMACI\u00d3N DE LOS VISITANTES<\/h5>\n<p>Puedes optar en cualquier momento por revisar, modificar o cancelar cualquier informaci\u00f3n almacenada por Mediawen International poni\u00e9ndote en contacto con nosotros a trav\u00e9s de nuestro formulario de contacto.<\/p>\n<\/div>\n<\/div><\/div><\/div><\/div><\/div><\/div>","protected":false},"excerpt":{"rendered":"<p>LA PRIVACIDAD DE TUS DATOS NOS IMPORTA En Mediawen, priorizamos y tomamos las medidas necesarias para garantizar una plataforma segura&#8230; <a class=\"excerpt-read-more button\" href=\"https:\/\/mediawen.com\/es\/politica-de-privacidad\/\" title=\"ReadPol\u00edtica de privacidad\"> Lire la suite<\/a><\/p>\n","protected":false},"author":1,"featured_media":1749,"parent":0,"menu_order":0,"comment_status":"closed","ping_status":"closed","template":"template-title.php","meta":{"inline_featured_image":false,"footnotes":""},"class_list":["post-1467","page","type-page","status-publish","has-post-thumbnail","hentry"],"aioseo_notices":[],"_links":{"self":[{"href":"https:\/\/mediawen.com\/es\/wp-json\/wp\/v2\/pages\/1467","targetHints":{"allow":["GET"]}}],"collection":[{"href":"https:\/\/mediawen.com\/es\/wp-json\/wp\/v2\/pages"}],"about":[{"href":"https:\/\/mediawen.com\/es\/wp-json\/wp\/v2\/types\/page"}],"author":[{"embeddable":true,"href":"https:\/\/mediawen.com\/es\/wp-json\/wp\/v2\/users\/1"}],"replies":[{"embeddable":true,"href":"https:\/\/mediawen.com\/es\/wp-json\/wp\/v2\/comments?post=1467"}],"version-history":[{"count":1,"href":"https:\/\/mediawen.com\/es\/wp-json\/wp\/v2\/pages\/1467\/revisions"}],"predecessor-version":[{"id":2077,"href":"https:\/\/mediawen.com\/es\/wp-json\/wp\/v2\/pages\/1467\/revisions\/2077"}],"wp:featuredmedia":[{"embeddable":true,"href":"https:\/\/mediawen.com\/es\/wp-json\/wp\/v2\/media\/1749"}],"wp:attachment":[{"href":"https:\/\/mediawen.com\/es\/wp-json\/wp\/v2\/media?parent=1467"}],"curies":[{"name":"wp","href":"https:\/\/api.w.org\/{rel}","templated":true}]}}