{"id":1368,"date":"2023-04-21T13:42:51","date_gmt":"2023-04-21T11:42:51","guid":{"rendered":"https:\/\/mediawen.com\/partenaires\/"},"modified":"2023-09-19T11:43:05","modified_gmt":"2023-09-19T09:43:05","slug":"partenaires","status":"publish","type":"page","link":"https:\/\/mediawen.com\/fr\/partenaires\/","title":{"rendered":"Partenaires"},"content":{"rendered":"<div id=\"pl-1368\"  class=\"panel-layout\" ><div id=\"pg-1368-0\"  class=\"panel-grid panel-has-style\" ><div class=\"padding grey-bg  siteorigin-panels-stretch panel-row-style panel-row-style-for-1368-0\" data-stretch-type=\"full\" ><div id=\"pgc-1368-0-0\"  class=\"panel-grid-cell\" ><div id=\"panel-1368-0-0-0\" class=\"so-panel widget widget_sow-editor panel-first-child panel-last-child\" data-index=\"0\" ><div\n\t\t\t\n\t\t\tclass=\"so-widget-sow-editor so-widget-sow-editor-base\"\n\t\t\t\n\t\t>\n<div class=\"siteorigin-widget-tinymce textwidget\">\n\t<h1>Partenaires<\/h1>\n<p>Nous privil\u00e9gions l'expertise, les b\u00e9n\u00e9fices mutuels, la collaboration et la confiance.<\/p>\n<\/div>\n<\/div><\/div><\/div><div id=\"pgc-1368-0-1\"  class=\"panel-grid-cell panel-grid-cell-empty\" ><\/div><div id=\"pgc-1368-0-2\"  class=\"panel-grid-cell\" ><div id=\"panel-1368-0-2-0\" class=\"so-panel widget widget_sow-image panel-first-child panel-last-child\" data-index=\"1\" ><div class=\"radius panel-widget-style panel-widget-style-for-1368-0-2-0\" ><div\n\t\t\t\n\t\t\tclass=\"so-widget-sow-image so-widget-sow-image-default-8b5b6f678277-1368\"\n\t\t\t\n\t\t>\n<div class=\"sow-image-container\">\n\t\t<img \n\tsrc=\"https:\/\/mediawen.com\/wp-content\/uploads\/2023\/03\/partners.png\" width=\"1140\" height=\"760\" srcset=\"https:\/\/mediawen.com\/wp-content\/uploads\/2023\/03\/partners.png 1140w, https:\/\/mediawen.com\/wp-content\/uploads\/2023\/03\/partners-300x200.png 300w, https:\/\/mediawen.com\/wp-content\/uploads\/2023\/03\/partners-1024x683.png 1024w, https:\/\/mediawen.com\/wp-content\/uploads\/2023\/03\/partners-768x512.png 768w, https:\/\/mediawen.com\/wp-content\/uploads\/2023\/03\/partners-272x182.png 272w\" sizes=\"(max-width: 1140px) 100vw, 1140px\" alt=\"\" \t\tclass=\"so-widget-image\"\/>\n\t<\/div>\n\n<\/div><\/div><\/div><\/div><\/div><\/div><div id=\"pg-1368-1\"  class=\"panel-grid panel-has-style\" ><div class=\"padding siteorigin-panels-stretch panel-row-style panel-row-style-for-1368-1\" data-stretch-type=\"full\" ><div id=\"pgc-1368-1-0\"  class=\"panel-grid-cell\" ><div id=\"panel-1368-1-0-0\" class=\"so-panel widget widget_sow-image panel-first-child panel-last-child\" data-index=\"2\" ><div\n\t\t\t\n\t\t\tclass=\"so-widget-sow-image so-widget-sow-image-default-8b5b6f678277-1368\"\n\t\t\t\n\t\t>\n<div class=\"sow-image-container\">\n\t\t<img \n\tsrc=\"https:\/\/mediawen.com\/wp-content\/uploads\/2023\/03\/expertise.svg\" width=\"1\" height=\"1\" sizes=\"(max-width: 1px) 100vw, 1px\" alt=\"\" \t\tclass=\"so-widget-image\"\/>\n\t<\/div>\n\n<\/div><\/div><\/div><div id=\"pgc-1368-1-1\"  class=\"panel-grid-cell panel-grid-cell-empty\" ><\/div><div id=\"pgc-1368-1-2\"  class=\"panel-grid-cell\" ><div id=\"panel-1368-1-2-0\" class=\"so-panel widget widget_sow-editor panel-first-child panel-last-child\" data-index=\"3\" ><div\n\t\t\t\n\t\t\tclass=\"so-widget-sow-editor so-widget-sow-editor-base\"\n\t\t\t\n\t\t>\n<div class=\"siteorigin-widget-tinymce textwidget\">\n\t<h2>Expertise et comp\u00e9tence<\/h2>\n<p>L\u2019expertise et la comp\u00e9tence sont essentielles pour un partenariat fructueux entre entreprises, chaque organisation apportant ses propres ressources.<\/p>\n<\/div>\n<\/div><\/div><\/div><\/div><\/div><div id=\"pg-1368-2\"  class=\"panel-grid panel-has-style\" ><div class=\"padding grey-bg  siteorigin-panels-stretch panel-row-style panel-row-style-for-1368-2\" data-stretch-type=\"full\" ><div id=\"pgc-1368-2-0\"  class=\"panel-grid-cell\" ><div id=\"panel-1368-2-0-0\" class=\"so-panel widget widget_sow-editor panel-first-child panel-last-child\" data-index=\"4\" ><div\n\t\t\t\n\t\t\tclass=\"so-widget-sow-editor so-widget-sow-editor-base\"\n\t\t\t\n\t\t>\n<div class=\"siteorigin-widget-tinymce textwidget\">\n\t<h3>B\u00e9n\u00e9fices mutuels<\/h3>\n<p>Un partenariat mutuellement b\u00e9n\u00e9ficiaire vise essentiellement \u00e0 accroitre l\u2019efficacit\u00e9 et la rentabilit\u00e9 en \u00e9tablissant une communication conjointe et des offres personnalis\u00e9es.<\/p>\n<\/div>\n<\/div><\/div><\/div><div id=\"pgc-1368-2-1\"  class=\"panel-grid-cell panel-grid-cell-empty\" ><\/div><div id=\"pgc-1368-2-2\"  class=\"panel-grid-cell\" ><div id=\"panel-1368-2-2-0\" class=\"so-panel widget widget_sow-image panel-first-child panel-last-child\" data-index=\"5\" ><div\n\t\t\t\n\t\t\tclass=\"so-widget-sow-image so-widget-sow-image-default-8b5b6f678277-1368\"\n\t\t\t\n\t\t>\n<div class=\"sow-image-container\">\n\t\t<img \n\tsrc=\"https:\/\/mediawen.com\/wp-content\/uploads\/2023\/03\/mutual-benefits.svg\" width=\"1\" height=\"1\" sizes=\"(max-width: 1px) 100vw, 1px\" alt=\"\" \t\tclass=\"so-widget-image\"\/>\n\t<\/div>\n\n<\/div><\/div><\/div><\/div><\/div><div id=\"pg-1368-3\"  class=\"panel-grid panel-has-style\" ><div class=\"padding siteorigin-panels-stretch panel-row-style panel-row-style-for-1368-3\" data-stretch-type=\"full\" ><div id=\"pgc-1368-3-0\"  class=\"panel-grid-cell\" ><div id=\"panel-1368-3-0-0\" class=\"so-panel widget widget_sow-image panel-first-child panel-last-child\" data-index=\"6\" ><div\n\t\t\t\n\t\t\tclass=\"so-widget-sow-image so-widget-sow-image-default-8b5b6f678277-1368\"\n\t\t\t\n\t\t>\n<div class=\"sow-image-container\">\n\t\t<img \n\tsrc=\"https:\/\/mediawen.com\/wp-content\/uploads\/2023\/03\/collaboration.svg\" width=\"1\" height=\"1\" sizes=\"(max-width: 1px) 100vw, 1px\" alt=\"\" \t\tclass=\"so-widget-image\"\/>\n\t<\/div>\n\n<\/div><\/div><\/div><div id=\"pgc-1368-3-1\"  class=\"panel-grid-cell panel-grid-cell-empty\" ><\/div><div id=\"pgc-1368-3-2\"  class=\"panel-grid-cell\" ><div id=\"panel-1368-3-2-0\" class=\"so-panel widget widget_sow-editor panel-first-child panel-last-child\" data-index=\"7\" ><div\n\t\t\t\n\t\t\tclass=\"so-widget-sow-editor so-widget-sow-editor-base\"\n\t\t\t\n\t\t>\n<div class=\"siteorigin-widget-tinymce textwidget\">\n\t<h4>Collaboration<\/h4>\n<p>Les partenariats optimisent la personnalisation. Ils permettent d\u2019initier de nouveaux d\u00e9veloppements informatiques et de nouveaux projets commerciaux avec notre entreprise.<\/p>\n<\/div>\n<\/div><\/div><\/div><\/div><\/div><div id=\"pg-1368-4\"  class=\"panel-grid panel-has-style\" ><div class=\"padding grey-bg  siteorigin-panels-stretch panel-row-style panel-row-style-for-1368-4\" data-stretch-type=\"full\" ><div id=\"pgc-1368-4-0\"  class=\"panel-grid-cell\" ><div id=\"panel-1368-4-0-0\" class=\"so-panel widget widget_sow-editor panel-first-child panel-last-child\" data-index=\"8\" ><div\n\t\t\t\n\t\t\tclass=\"so-widget-sow-editor so-widget-sow-editor-base\"\n\t\t\t\n\t\t>\n<div class=\"siteorigin-widget-tinymce textwidget\">\n\t<h5>Confiance<\/h5>\n<p>Un degr\u00e9 \u00e9lev\u00e9 de confiance entre entreprises partenaires est essentiel. Cela favorise le partage d'informations et la transparence pour une collaboration orient\u00e9e vers la mise en place de solutions pragmatiques et efficaces.<\/p>\n<p>&nbsp;<br \/>\n<a class=\"btn blue\" href=\"https:\/\/mediawen.com\/fr\/#contact\">Nous contacter<\/a><\/p>\n<\/div>\n<\/div><\/div><\/div><div id=\"pgc-1368-4-1\"  class=\"panel-grid-cell panel-grid-cell-empty\" ><\/div><div id=\"pgc-1368-4-2\"  class=\"panel-grid-cell\" ><div id=\"panel-1368-4-2-0\" class=\"so-panel widget widget_sow-image panel-first-child panel-last-child\" data-index=\"9\" ><div\n\t\t\t\n\t\t\tclass=\"so-widget-sow-image so-widget-sow-image-default-8b5b6f678277-1368\"\n\t\t\t\n\t\t>\n<div class=\"sow-image-container\">\n\t\t<img \n\tsrc=\"https:\/\/mediawen.com\/wp-content\/uploads\/2023\/03\/trust.svg\" width=\"1\" height=\"1\" sizes=\"(max-width: 1px) 100vw, 1px\" alt=\"\" \t\tclass=\"so-widget-image\"\/>\n\t<\/div>\n\n<\/div><\/div><\/div><\/div><\/div><\/div>","protected":false},"excerpt":{"rendered":"<p>Partenaires Nous privil\u00e9gions l&rsquo;expertise, les b\u00e9n\u00e9fices mutuels, la collaboration et la confiance. Expertise et comp\u00e9tence L\u2019expertise et la comp\u00e9tence sont&#8230; <a class=\"excerpt-read-more button\" href=\"https:\/\/mediawen.com\/fr\/partenaires\/\" title=\"ReadPartenaires\"> Lire la suite<\/a><\/p>\n","protected":false},"author":1,"featured_media":1749,"parent":0,"menu_order":0,"comment_status":"closed","ping_status":"closed","template":"","meta":{"inline_featured_image":false,"footnotes":""},"class_list":["post-1368","page","type-page","status-publish","has-post-thumbnail","hentry"],"aioseo_notices":[],"_links":{"self":[{"href":"https:\/\/mediawen.com\/fr\/wp-json\/wp\/v2\/pages\/1368","targetHints":{"allow":["GET"]}}],"collection":[{"href":"https:\/\/mediawen.com\/fr\/wp-json\/wp\/v2\/pages"}],"about":[{"href":"https:\/\/mediawen.com\/fr\/wp-json\/wp\/v2\/types\/page"}],"author":[{"embeddable":true,"href":"https:\/\/mediawen.com\/fr\/wp-json\/wp\/v2\/users\/1"}],"replies":[{"embeddable":true,"href":"https:\/\/mediawen.com\/fr\/wp-json\/wp\/v2\/comments?post=1368"}],"version-history":[{"count":4,"href":"https:\/\/mediawen.com\/fr\/wp-json\/wp\/v2\/pages\/1368\/revisions"}],"predecessor-version":[{"id":1372,"href":"https:\/\/mediawen.com\/fr\/wp-json\/wp\/v2\/pages\/1368\/revisions\/1372"}],"wp:featuredmedia":[{"embeddable":true,"href":"https:\/\/mediawen.com\/fr\/wp-json\/wp\/v2\/media\/1749"}],"wp:attachment":[{"href":"https:\/\/mediawen.com\/fr\/wp-json\/wp\/v2\/media?parent=1368"}],"curies":[{"name":"wp","href":"https:\/\/api.w.org\/{rel}","templated":true}]}}