{"id":1606,"date":"2023-04-24T15:11:43","date_gmt":"2023-04-24T13:11:43","guid":{"rendered":"https:\/\/mediawen.com\/doi-tac\/"},"modified":"2023-09-19T11:43:57","modified_gmt":"2023-09-19T09:43:57","slug":"doi-tac","status":"publish","type":"page","link":"https:\/\/mediawen.com\/vi\/doi-tac\/","title":{"rendered":"\u0110\u1ed1i t\u00e1c"},"content":{"rendered":"<div id=\"pl-1606\"  class=\"panel-layout\" ><div id=\"pg-1606-0\"  class=\"panel-grid panel-has-style\" ><div class=\"padding grey-bg  siteorigin-panels-stretch panel-row-style panel-row-style-for-1606-0\" data-stretch-type=\"full\" ><div id=\"pgc-1606-0-0\"  class=\"panel-grid-cell\" ><div id=\"panel-1606-0-0-0\" class=\"so-panel widget widget_sow-editor panel-first-child panel-last-child\" data-index=\"0\" ><div\n\t\t\t\n\t\t\tclass=\"so-widget-sow-editor so-widget-sow-editor-base\"\n\t\t\t\n\t\t>\n<div class=\"siteorigin-widget-tinymce textwidget\">\n\t<h1>\u0110\u1ed1i t\u00e1c<\/h1>\n<p>Ch\u00fang t\u00f4i ph\u00e1t tri\u1ec3n d\u1ef1a tr\u00ean t\u00ednh chuy\u00ean nghi\u1ec7p, l\u1ee3i \u00edch song ph\u01b0\u01a1ng, s\u1ef1 h\u1ee3p t\u00e1c v\u00e0 tin t\u01b0\u1edfng.<\/p>\n<\/div>\n<\/div><\/div><\/div><div id=\"pgc-1606-0-1\"  class=\"panel-grid-cell panel-grid-cell-empty\" ><\/div><div id=\"pgc-1606-0-2\"  class=\"panel-grid-cell\" ><div id=\"panel-1606-0-2-0\" class=\"so-panel widget widget_sow-image panel-first-child panel-last-child\" data-index=\"1\" ><div class=\"radius panel-widget-style panel-widget-style-for-1606-0-2-0\" ><div\n\t\t\t\n\t\t\tclass=\"so-widget-sow-image so-widget-sow-image-default-8b5b6f678277-1606\"\n\t\t\t\n\t\t>\n<div class=\"sow-image-container\">\n\t\t<img \n\tsrc=\"https:\/\/mediawen.com\/wp-content\/uploads\/2023\/03\/partners.png\" width=\"1140\" height=\"760\" srcset=\"https:\/\/mediawen.com\/wp-content\/uploads\/2023\/03\/partners.png 1140w, https:\/\/mediawen.com\/wp-content\/uploads\/2023\/03\/partners-300x200.png 300w, https:\/\/mediawen.com\/wp-content\/uploads\/2023\/03\/partners-1024x683.png 1024w, https:\/\/mediawen.com\/wp-content\/uploads\/2023\/03\/partners-768x512.png 768w, https:\/\/mediawen.com\/wp-content\/uploads\/2023\/03\/partners-272x182.png 272w\" sizes=\"(max-width: 1140px) 100vw, 1140px\" alt=\"\" \t\tclass=\"so-widget-image\"\/>\n\t<\/div>\n\n<\/div><\/div><\/div><\/div><\/div><\/div><div id=\"pg-1606-1\"  class=\"panel-grid panel-has-style\" ><div class=\"padding siteorigin-panels-stretch panel-row-style panel-row-style-for-1606-1\" data-stretch-type=\"full\" ><div id=\"pgc-1606-1-0\"  class=\"panel-grid-cell\" ><div id=\"panel-1606-1-0-0\" class=\"so-panel widget widget_sow-image panel-first-child panel-last-child\" data-index=\"2\" ><div\n\t\t\t\n\t\t\tclass=\"so-widget-sow-image so-widget-sow-image-default-8b5b6f678277-1606\"\n\t\t\t\n\t\t>\n<div class=\"sow-image-container\">\n\t\t<img \n\tsrc=\"https:\/\/mediawen.com\/wp-content\/uploads\/2023\/03\/expertise.svg\" width=\"1\" height=\"1\" sizes=\"(max-width: 1px) 100vw, 1px\" alt=\"\" \t\tclass=\"so-widget-image\"\/>\n\t<\/div>\n\n<\/div><\/div><\/div><div id=\"pgc-1606-1-1\"  class=\"panel-grid-cell panel-grid-cell-empty\" ><\/div><div id=\"pgc-1606-1-2\"  class=\"panel-grid-cell\" ><div id=\"panel-1606-1-2-0\" class=\"so-panel widget widget_sow-editor panel-first-child panel-last-child\" data-index=\"3\" ><div\n\t\t\t\n\t\t\tclass=\"so-widget-sow-editor so-widget-sow-editor-base\"\n\t\t\t\n\t\t>\n<div class=\"siteorigin-widget-tinymce textwidget\">\n\t<h2>Chuy\u00ean m\u00f4n v\u00e0 n\u0103ng l\u1ef1c<\/h2>\n<p>Chuy\u00ean m\u00f4n v\u00e0 n\u0103ng l\u1ef1c l\u00e0 y\u1ebfu t\u1ed1 s\u1ed1ng c\u00f2n \u0111\u1ed1i v\u1edbi m\u1ed1i quan h\u1ec7 h\u1ee3p t\u00e1c th\u1ecbnh v\u01b0\u1ee3ng gi\u1eefa c\u00e1c c\u00f4ng ty, trong \u0111\u00f3 m\u1ed7i t\u1ed5 ch\u1ee9c \u0111\u1ec1u th\u1ec3 hi\u1ec7n th\u1ebf m\u1ea1nh c\u1ee7a m\u00ecnh \u0111\u1ec3 b\u1ed5 tr\u1ee3 l\u1eabn nhau.<\/p>\n<\/div>\n<\/div><\/div><\/div><\/div><\/div><div id=\"pg-1606-2\"  class=\"panel-grid panel-has-style\" ><div class=\"padding grey-bg  siteorigin-panels-stretch panel-row-style panel-row-style-for-1606-2\" data-stretch-type=\"full\" ><div id=\"pgc-1606-2-0\"  class=\"panel-grid-cell\" ><div id=\"panel-1606-2-0-0\" class=\"so-panel widget widget_sow-editor panel-first-child panel-last-child\" data-index=\"4\" ><div\n\t\t\t\n\t\t\tclass=\"so-widget-sow-editor so-widget-sow-editor-base\"\n\t\t\t\n\t\t>\n<div class=\"siteorigin-widget-tinymce textwidget\">\n\t<h3>Nh\u01b0ng l\u01a1\u0323i ich chung<\/h3>\n<p>M\u1ed9t m\u1ed1i quan h\u1ec7 \u0111\u1ed1i t\u00e1c c\u00f9ng c\u00f3 l\u1ee3i d\u1ef1a tr\u00ean hi\u1ec7u qu\u1ea3 gia t\u0103ng, l\u1ee3i nhu\u1eadn, giao ti\u1ebfp chung v\u00e0 c\u00e1c d\u1ef1 \u00e1n t\u00f9y ch\u1ec9nh l\u00e0 m\u1ee5c ti\u00eau ch\u00ednh c\u1ee7a \u0111\u1ed1i t\u00e1c trong h\u1ec7 sinh th\u00e1i c\u1ee7a MEDIAWEN.<\/p>\n<\/div>\n<\/div><\/div><\/div><div id=\"pgc-1606-2-1\"  class=\"panel-grid-cell panel-grid-cell-empty\" ><\/div><div id=\"pgc-1606-2-2\"  class=\"panel-grid-cell\" ><div id=\"panel-1606-2-2-0\" class=\"so-panel widget widget_sow-image panel-first-child panel-last-child\" data-index=\"5\" ><div\n\t\t\t\n\t\t\tclass=\"so-widget-sow-image so-widget-sow-image-default-8b5b6f678277-1606\"\n\t\t\t\n\t\t>\n<div class=\"sow-image-container\">\n\t\t<img \n\tsrc=\"https:\/\/mediawen.com\/wp-content\/uploads\/2023\/03\/mutual-benefits.svg\" width=\"1\" height=\"1\" sizes=\"(max-width: 1px) 100vw, 1px\" alt=\"\" \t\tclass=\"so-widget-image\"\/>\n\t<\/div>\n\n<\/div><\/div><\/div><\/div><\/div><div id=\"pg-1606-3\"  class=\"panel-grid panel-has-style\" ><div class=\"padding siteorigin-panels-stretch panel-row-style panel-row-style-for-1606-3\" data-stretch-type=\"full\" ><div id=\"pgc-1606-3-0\"  class=\"panel-grid-cell\" ><div id=\"panel-1606-3-0-0\" class=\"so-panel widget widget_sow-image panel-first-child panel-last-child\" data-index=\"6\" ><div\n\t\t\t\n\t\t\tclass=\"so-widget-sow-image so-widget-sow-image-default-8b5b6f678277-1606\"\n\t\t\t\n\t\t>\n<div class=\"sow-image-container\">\n\t\t<img \n\tsrc=\"https:\/\/mediawen.com\/wp-content\/uploads\/2023\/03\/collaboration.svg\" width=\"1\" height=\"1\" sizes=\"(max-width: 1px) 100vw, 1px\" alt=\"\" \t\tclass=\"so-widget-image\"\/>\n\t<\/div>\n\n<\/div><\/div><\/div><div id=\"pgc-1606-3-1\"  class=\"panel-grid-cell panel-grid-cell-empty\" ><\/div><div id=\"pgc-1606-3-2\"  class=\"panel-grid-cell\" ><div id=\"panel-1606-3-2-0\" class=\"so-panel widget widget_sow-editor panel-first-child panel-last-child\" data-index=\"7\" ><div\n\t\t\t\n\t\t\tclass=\"so-widget-sow-editor so-widget-sow-editor-base\"\n\t\t\t\n\t\t>\n<div class=\"siteorigin-widget-tinymce textwidget\">\n\t<h4>S\u1ef1 h\u1ee3p t\u00e1c<\/h4>\n<p>H\u1ee3p t\u00e1c th\u00f4ng qua quan h\u1ec7 \u0111\u1ed1i t\u00e1c cho ph\u00e9p t\u00f9y ch\u1ec9nh cao v\u00e0 m\u1edf c\u1ee7a cho nh\u01b0ng ti\u1ec1m n\u0103ng m\u1edbi \u0111\u1ec3 ph\u00e1t tri\u1ec3n c\u00e1c d\u1ef1 \u00e1n m\u1edbi v\u1edbi c\u00f4ng ty c\u1ee7a ch\u00fang t\u00f4i.<\/p>\n<\/div>\n<\/div><\/div><\/div><\/div><\/div><div id=\"pg-1606-4\"  class=\"panel-grid panel-has-style\" ><div class=\"padding grey-bg  siteorigin-panels-stretch panel-row-style panel-row-style-for-1606-4\" data-stretch-type=\"full\" ><div id=\"pgc-1606-4-0\"  class=\"panel-grid-cell\" ><div id=\"panel-1606-4-0-0\" class=\"so-panel widget widget_sow-editor panel-first-child panel-last-child\" data-index=\"8\" ><div\n\t\t\t\n\t\t\tclass=\"so-widget-sow-editor so-widget-sow-editor-base\"\n\t\t\t\n\t\t>\n<div class=\"siteorigin-widget-tinymce textwidget\">\n\t<h5>L\u00f2ng tin<\/h5>\n<p>M\u1ee9c \u0111\u1ed9 tin c\u1eady m\u1ea1nh m\u1ebd gi\u1eefa c\u00e1c c\u00f4ng ty l\u00e0 \u0111i\u1ec1u c\u1ea7n thi\u1ebft, v\u00ec vi\u1ec7c chia s\u1ebb th\u00f4ng tin v\u00e0 t\u00ednh minh b\u1ea1ch khuy\u1ebfn kh\u00edch s\u1ef1 h\u1ee3p t\u00e1c v\u00e0 c\u00f9ng gi\u1ea3i quy\u1ebft v\u1ea5n \u0111\u1ec1.<\/p>\n<p>&nbsp;<br \/>\n<a class=\"btn blue\" href=\"https:\/\/mediawen.com\/vi\/#contact\">T\u00caN<\/a><\/p>\n<\/div>\n<\/div><\/div><\/div><div id=\"pgc-1606-4-1\"  class=\"panel-grid-cell panel-grid-cell-empty\" ><\/div><div id=\"pgc-1606-4-2\"  class=\"panel-grid-cell\" ><div id=\"panel-1606-4-2-0\" class=\"so-panel widget widget_sow-image panel-first-child panel-last-child\" data-index=\"9\" ><div\n\t\t\t\n\t\t\tclass=\"so-widget-sow-image so-widget-sow-image-default-8b5b6f678277-1606\"\n\t\t\t\n\t\t>\n<div class=\"sow-image-container\">\n\t\t<img \n\tsrc=\"https:\/\/mediawen.com\/wp-content\/uploads\/2023\/03\/trust.svg\" width=\"1\" height=\"1\" sizes=\"(max-width: 1px) 100vw, 1px\" alt=\"\" \t\tclass=\"so-widget-image\"\/>\n\t<\/div>\n\n<\/div><\/div><\/div><\/div><\/div><\/div>","protected":false},"excerpt":{"rendered":"<p>\u0110\u1ed1i t\u00e1c Ch\u00fang t\u00f4i ph\u00e1t tri\u1ec3n d\u1ef1a tr\u00ean t\u00ednh chuy\u00ean nghi\u1ec7p, l\u1ee3i \u00edch song ph\u01b0\u01a1ng, s\u1ef1 h\u1ee3p t\u00e1c v\u00e0 tin&#8230; <a class=\"excerpt-read-more button\" href=\"https:\/\/mediawen.com\/vi\/doi-tac\/\" title=\"Read\u0110\u1ed1i t\u00e1c\"> Lire la suite<\/a><\/p>\n","protected":false},"author":1,"featured_media":1749,"parent":0,"menu_order":0,"comment_status":"closed","ping_status":"closed","template":"","meta":{"inline_featured_image":false,"footnotes":""},"class_list":["post-1606","page","type-page","status-publish","has-post-thumbnail","hentry"],"aioseo_notices":[],"_links":{"self":[{"href":"https:\/\/mediawen.com\/vi\/wp-json\/wp\/v2\/pages\/1606","targetHints":{"allow":["GET"]}}],"collection":[{"href":"https:\/\/mediawen.com\/vi\/wp-json\/wp\/v2\/pages"}],"about":[{"href":"https:\/\/mediawen.com\/vi\/wp-json\/wp\/v2\/types\/page"}],"author":[{"embeddable":true,"href":"https:\/\/mediawen.com\/vi\/wp-json\/wp\/v2\/users\/1"}],"replies":[{"embeddable":true,"href":"https:\/\/mediawen.com\/vi\/wp-json\/wp\/v2\/comments?post=1606"}],"version-history":[{"count":1,"href":"https:\/\/mediawen.com\/vi\/wp-json\/wp\/v2\/pages\/1606\/revisions"}],"predecessor-version":[{"id":1834,"href":"https:\/\/mediawen.com\/vi\/wp-json\/wp\/v2\/pages\/1606\/revisions\/1834"}],"wp:featuredmedia":[{"embeddable":true,"href":"https:\/\/mediawen.com\/vi\/wp-json\/wp\/v2\/media\/1749"}],"wp:attachment":[{"href":"https:\/\/mediawen.com\/vi\/wp-json\/wp\/v2\/media?parent=1606"}],"curies":[{"name":"wp","href":"https:\/\/api.w.org\/{rel}","templated":true}]}}